{"id":8,"date":"2026-02-09T14:39:16","date_gmt":"2026-02-09T13:39:16","guid":{"rendered":"https:\/\/ladaondova.cz\/?page_id=8"},"modified":"2026-03-20T16:04:39","modified_gmt":"2026-03-20T15:04:39","slug":"o-nas","status":"publish","type":"page","link":"https:\/\/ladaondova.cz\/?page_id=8","title":{"rendered":"O n\u00e1s"},"content":{"rendered":"\n<p>Dv\u011b generace, jeden chaos, spousta n\u00e1pad\u016f<\/p>\n\n\n\n<p>Jsme <strong>Lada a Karli\u010dka<\/strong>. M\u00e1ma a dvan\u00e1ctilet\u00e1 dcera. <strong>DuoOnda<\/strong> vzniklo z jednoduch\u00e9ho zji\u0161t\u011bn\u00ed: \u017ee n\u00e1s bav\u00ed ty sam\u00e9 v\u011bci, i kdy\u017e ka\u017edou z n\u00e1s trochu jinak. Zat\u00edmco jedna hl\u00edd\u00e1 kompozici fotky, druh\u00e1 u\u017e m\u00e1 barvu a\u017e za u\u0161ima. Zat\u00edmco jedna studuje recept, druh\u00e1 u\u017e sype mouku do m\u00edsy.<\/p>\n\n\n\n<h3 class=\"wp-block-heading\">Pro\u010d zrovna my?<\/h3>\n\n\n\n<p>N\u00e1\u0161 sv\u011bt stoj\u00ed na dvou pil\u00ed\u0159\u00edch, kter\u00e9 najdete i v na\u0161em logu: <strong>Mech a Mouka<\/strong>.<\/p>\n\n\n\n<ul class=\"wp-block-list\">\n<li><strong>Mech<\/strong> pro n\u00e1s znamen\u00e1 \u00fanik ven. Je to ten moment, kdy si obujeme boty a zmiz\u00edme n\u011bkam, kde nen\u00ed sign\u00e1l, ale jsou tam nejlep\u0161\u00ed v\u00fdhledy. Je to na\u0161e \u201ev pohork\u00e1ch za obzory\u201c.<\/li>\n\n\n\n<li><strong>Mouka<\/strong> je zase symbolem toho, co se d\u011bje doma. Je to z\u00e1klad pro v\u0161echno, co se pe\u010de, va\u0159\u00ed nebo patl\u00e1 v ateli\u00e9ru. Je to to na\u0161e \u201es barvou na dlan\u00edch\u201c.<\/li>\n<\/ul>\n\n\n\n<h3 class=\"wp-block-heading\">O \u010dem to tu je?<\/h3>\n\n\n\n<p>Nehrajeme si na dokonal\u00fd lifestylov\u00fd magaz\u00edn. DuoOnda je n\u00e1\u0161 spole\u010dn\u00fd projekt, kde ukazujeme, \u017ee i s dvan\u00e1ctiletou par\u0165a\u010dkou se d\u00e1 vyrazit na po\u0159\u00e1dn\u00fd trek, postavit dom\u00e1c\u00ed d\u00edlnu nebo up\u00e9ct n\u011bco, co se (v\u011bt\u0161inou) d\u00e1 j\u00edst.<\/p>\n\n\n\n<p>U\u010d\u00edme se jedna od druh\u00e9. Karli\u010dka dod\u00e1v\u00e1 odvahu zkou\u0161et v\u011bci bez n\u00e1vodu a Lada se star\u00e1 o to, aby ten n\u00e1\u0161 tv\u016fr\u010d\u00ed chaos d\u00e1val smysl i v\u00e1m, \u010dten\u00e1\u0159\u016fm.<\/p>\n\n\n\n<p>Jsme r\u00e1dy, \u017ee jste u toho s n\u00e1mi. A\u0165 u\u017e hled\u00e1te inspiraci na p\u0159\u00ed\u0161t\u00ed v\u00fdlet, tip na v\u00edkendov\u00e9 pe\u010den\u00ed, nebo prost\u011b jen d\u016fkaz, \u017ee m\u00e1ma a dcera m\u016f\u017eou b\u00fdt skv\u011bl\u00fd t\u00fdm.<\/p>\n","protected":false},"excerpt":{"rendered":"<p>Dv\u011b generace, jeden chaos, spousta n\u00e1pad\u016f Jsme Lada a Karli\u010dka. M\u00e1ma a dvan\u00e1ctilet\u00e1 dcera. DuoOnda vzniklo z jednoduch\u00e9ho zji\u0161t\u011bn\u00ed: \u017ee n\u00e1s bav\u00ed ty sam\u00e9 v\u011bci, i kdy\u017e ka\u017edou z n\u00e1s trochu jinak. Zat\u00edmco jedna hl\u00edd\u00e1 kompozici fotky, druh\u00e1 u\u017e m\u00e1 barvu a\u017e za u\u0161ima. Zat\u00edmco jedna studuje recept, druh\u00e1 u\u017e sype mouku do m\u00edsy. Pro\u010d&#8230;<\/p>\n","protected":false},"author":1,"featured_media":0,"parent":0,"menu_order":0,"comment_status":"closed","ping_status":"closed","template":"","meta":{"footnotes":""},"class_list":["post-8","page","type-page","status-publish","hentry"],"_links":{"self":[{"href":"https:\/\/ladaondova.cz\/index.php?rest_route=\/wp\/v2\/pages\/8","targetHints":{"allow":["GET"]}}],"collection":[{"href":"https:\/\/ladaondova.cz\/index.php?rest_route=\/wp\/v2\/pages"}],"about":[{"href":"https:\/\/ladaondova.cz\/index.php?rest_route=\/wp\/v2\/types\/page"}],"author":[{"embeddable":true,"href":"https:\/\/ladaondova.cz\/index.php?rest_route=\/wp\/v2\/users\/1"}],"replies":[{"embeddable":true,"href":"https:\/\/ladaondova.cz\/index.php?rest_route=%2Fwp%2Fv2%2Fcomments&post=8"}],"version-history":[{"count":2,"href":"https:\/\/ladaondova.cz\/index.php?rest_route=\/wp\/v2\/pages\/8\/revisions"}],"predecessor-version":[{"id":77,"href":"https:\/\/ladaondova.cz\/index.php?rest_route=\/wp\/v2\/pages\/8\/revisions\/77"}],"wp:attachment":[{"href":"https:\/\/ladaondova.cz\/index.php?rest_route=%2Fwp%2Fv2%2Fmedia&parent=8"}],"curies":[{"name":"wp","href":"https:\/\/api.w.org\/{rel}","templated":true}]}}