{"id":9,"date":"2026-02-09T14:39:16","date_gmt":"2026-02-09T13:39:16","guid":{"rendered":"https:\/\/ladaondova.cz\/?page_id=9"},"modified":"2026-02-09T14:39:16","modified_gmt":"2026-02-09T13:39:16","slug":"kontakt","status":"publish","type":"page","link":"https:\/\/ladaondova.cz\/?page_id=9","title":{"rendered":"Kontakt"},"content":{"rendered":"\n<p>Tato str\u00e1nka obsahuje n\u011bkolik z\u00e1kladn\u00edch kontaktn\u00edch informac\u00ed, nap\u0159\u00edklad adresu a telefonn\u00ed \u010d\u00edslo. M\u016f\u017eete tak\u00e9 vyzkou\u0161et plugin pro p\u0159id\u00e1n\u00ed kontaktn\u00ed formul\u00e1\u0159e.<\/p>\n","protected":false},"excerpt":{"rendered":"<p>Tato str\u00e1nka obsahuje n\u011bkolik z\u00e1kladn\u00edch kontaktn\u00edch informac\u00ed, nap\u0159\u00edklad adresu a telefonn\u00ed \u010d\u00edslo. M\u016f\u017eete tak\u00e9 vyzkou\u0161et plugin pro p\u0159id\u00e1n\u00ed kontaktn\u00ed formul\u00e1\u0159e.<\/p>\n","protected":false},"author":1,"featured_media":0,"parent":0,"menu_order":0,"comment_status":"closed","ping_status":"closed","template":"","meta":{"footnotes":""},"class_list":["post-9","page","type-page","status-publish","hentry"],"_links":{"self":[{"href":"https:\/\/ladaondova.cz\/index.php?rest_route=\/wp\/v2\/pages\/9","targetHints":{"allow":["GET"]}}],"collection":[{"href":"https:\/\/ladaondova.cz\/index.php?rest_route=\/wp\/v2\/pages"}],"about":[{"href":"https:\/\/ladaondova.cz\/index.php?rest_route=\/wp\/v2\/types\/page"}],"author":[{"embeddable":true,"href":"https:\/\/ladaondova.cz\/index.php?rest_route=\/wp\/v2\/users\/1"}],"replies":[{"embeddable":true,"href":"https:\/\/ladaondova.cz\/index.php?rest_route=%2Fwp%2Fv2%2Fcomments&post=9"}],"version-history":[{"count":1,"href":"https:\/\/ladaondova.cz\/index.php?rest_route=\/wp\/v2\/pages\/9\/revisions"}],"predecessor-version":[{"id":14,"href":"https:\/\/ladaondova.cz\/index.php?rest_route=\/wp\/v2\/pages\/9\/revisions\/14"}],"wp:attachment":[{"href":"https:\/\/ladaondova.cz\/index.php?rest_route=%2Fwp%2Fv2%2Fmedia&parent=9"}],"curies":[{"name":"wp","href":"https:\/\/api.w.org\/{rel}","templated":true}]}}